{"id":607,"date":"2025-07-25T18:15:28","date_gmt":"2025-07-25T18:15:28","guid":{"rendered":"https:\/\/hyperionglobals.com\/?page_id=607"},"modified":"2025-09-18T17:16:58","modified_gmt":"2025-09-18T17:16:58","slug":"politica-de-privacidade-hyperion-global","status":"publish","type":"page","link":"https:\/\/hyperionglobals.com\/pt\/politica-de-privacidade-hyperion-global\/","title":{"rendered":"pol\u00edtica de Privacidade"},"content":{"rendered":"<style>.elementor-607 .elementor-element.elementor-element-43d1591{--display:flex;--flex-direction:column;--container-widget-width:100%;--container-widget-height:initial;--container-widget-flex-grow:0;--container-widget-align-self:initial;--flex-wrap-mobile:wrap;--padding-top:6em;--padding-bottom:7em;--padding-left:2em;--padding-right:2em;}.elementor-607 .elementor-element.elementor-element-43d1591.e-con{--align-self:center;}.elementor-607 .elementor-element.elementor-element-602bc29{--display:flex;--justify-content:center;--align-items:center;--container-widget-width:calc( ( 1 - var( --container-widget-flex-grow ) ) * 100% );}.elementor-607 .elementor-element.elementor-element-602bc29.e-con{--align-self:center;}.elementor-widget-heading .elementor-heading-title{font-family:var( --e-global-typography-primary-font-family ), Sans-serif;font-size:var( --e-global-typography-primary-font-size );font-weight:var( --e-global-typography-primary-font-weight );line-height:var( --e-global-typography-primary-line-height );color:var( --e-global-color-primary );}.elementor-607 .elementor-element.elementor-element-1d4eaaa{text-align:center;padding:0em 0em 0em 0em;width:var( --container-widget-width, 34% );max-width:34%;--container-widget-width:34%;--container-widget-flex-grow:0;}.elementor-607 .elementor-element.elementor-element-1d4eaaa .elementor-heading-title{font-family:\"Cairo\", Sans-serif;font-size:48px;font-weight:700;line-height:66px;color:var( --e-global-color-primary );}.elementor-607 .elementor-element.elementor-element-1d4eaaa.elementor-element{--align-self:center;}.elementor-607 .elementor-element.elementor-element-1d4eaaa.xpro-widget-bg-overlay:before{transition:background 0.3s;}.elementor-607 .elementor-element.elementor-element-d82fd14 .elementor-heading-title{font-family:\"Cairo\", Sans-serif;font-size:14px;font-weight:400;line-height:23px;color:var( --e-global-color-accent );}.elementor-607 .elementor-element.elementor-element-d82fd14{padding:0em 0em 2em 0em;}.elementor-607 .elementor-element.elementor-element-d82fd14.xpro-widget-bg-overlay:before{transition:background 0.3s;}.elementor-607 .elementor-element.elementor-element-df4ef94 .elementor-heading-title{font-family:\"Cairo\", Sans-serif;font-size:18px;font-weight:400;line-height:30px;color:var( --e-global-color-accent );}.elementor-607 .elementor-element.elementor-element-df4ef94.xpro-widget-bg-overlay:before{transition:background 0.3s;}.elementor-widget-button .elementor-button{font-family:var( --e-global-typography-accent-font-family ), Sans-serif;font-weight:var( --e-global-typography-accent-font-weight );background-color:var( --e-global-color-accent );}.elementor-607 .elementor-element.elementor-element-9b10029.xpro-widget-bg-overlay:before{transition:background 0.3s;}.elementor-607 .elementor-element.elementor-element-8330cb3{--display:flex;}:root{--page-title-display:none;}@media(max-width:1440px){.elementor-widget-heading .elementor-heading-title{font-size:var( --e-global-typography-primary-font-size );line-height:var( --e-global-typography-primary-line-height );}}@media(max-width:1024px){.elementor-607 .elementor-element.elementor-element-43d1591{--padding-top:5em;--padding-bottom:6em;--padding-left:2em;--padding-right:2em;}.elementor-widget-heading .elementor-heading-title{font-size:var( --e-global-typography-primary-font-size );line-height:var( --e-global-typography-primary-line-height );}.elementor-607 .elementor-element.elementor-element-1d4eaaa{--container-widget-width:60%;--container-widget-flex-grow:0;width:var( --container-widget-width, 60% );max-width:60%;}}@media(max-width:767px){.elementor-widget-heading .elementor-heading-title{font-size:var( --e-global-typography-primary-font-size );line-height:var( --e-global-typography-primary-line-height );}.elementor-607 .elementor-element.elementor-element-1d4eaaa{text-align:start;--container-widget-width:100%;--container-widget-flex-grow:0;width:var( --container-widget-width, 100% );max-width:100%;}.elementor-607 .elementor-element.elementor-element-1d4eaaa .elementor-heading-title{font-size:42px;line-height:48px;}}<\/style>\t\t<div data-elementor-type=\"wp-page\" data-elementor-id=\"607\" class=\"elementor elementor-607\" data-elementor-post-type=\"page\">\n\t\t\t\t<div class=\"elementor-element elementor-element-43d1591 e-flex e-con-boxed e-con e-parent\" data-id=\"43d1591\" data-element_type=\"container\" data-e-type=\"container\">\n\t\t\t\t\t<div class=\"e-con-inner\">\n\t\t<div class=\"elementor-element elementor-element-602bc29 e-con-full e-flex e-con e-child\" data-id=\"602bc29\" data-element_type=\"container\" data-e-type=\"container\">\n\t\t\t\t<div class=\"elementor-element elementor-element-1d4eaaa elementor-widget__width-initial elementor-widget elementor-widget-heading\" data-id=\"1d4eaaa\" data-element_type=\"widget\" data-e-type=\"widget\" data-widget_type=\"heading.default\">\n\t\t\t\t\t<h2 class=\"elementor-heading-title elementor-size-default\">pol\u00edtica de Privacidade<\/h2>\t\t\t\t<\/div>\n\t\t\t\t<div class=\"elementor-element elementor-element-d82fd14 elementor-widget elementor-widget-heading\" data-id=\"d82fd14\" data-element_type=\"widget\" data-e-type=\"widget\" data-widget_type=\"heading.default\">\n\t\t\t\t\t<h2 class=\"elementor-heading-title elementor-size-default\">Data de vig\u00eancia: 29 de julho de 2025<\/h2>\t\t\t\t<\/div>\n\t\t\t\t<div class=\"elementor-element elementor-element-df4ef94 elementor-widget elementor-widget-heading\" data-id=\"df4ef94\" data-element_type=\"widget\" data-e-type=\"widget\" data-widget_type=\"heading.default\">\n\t\t\t\t\t<h2 class=\"elementor-heading-title elementor-size-default\">A Hyperion Global reafirma seu compromisso institucional com a \u00e9tica, a conformidade e a sustentabilidade, estabelecendo esta Pol\u00edtica de Privacidade para usu\u00e1rios, parceiros, clientes e partes interessadas em todos os mercados em que operamos. Esta pol\u00edtica descreve como coletamos, usamos, protegemos e compartilhamos informa\u00e7\u00f5es pessoais de acordo com as leis internacionais de prote\u00e7\u00e3o de dados, como o GDPR (Regulamento Geral de Prote\u00e7\u00e3o de Dados da UE), CCPA (Lei de Privacidade do Consumidor da Calif\u00f3rnia) e outros regulamentos relevantes nas jurisdi\u00e7\u00f5es onde operamos.\n\n<br><br><b>1. SOBRE A HYPERION GLOBAL<\/b>\n\n<br><br>A Hyperion Global \u00e9 uma organiza\u00e7\u00e3o multinacional com prop\u00f3sito espec\u00edfico, que oferece solu\u00e7\u00f5es de economia circular, log\u00edstica reversa, conformidade ambiental e rastreabilidade ESG. Atendemos empresas, governos e institui\u00e7\u00f5es l\u00edderes com solu\u00e7\u00f5es que transformam riscos e res\u00edduos em valor mensur\u00e1vel, gerando impacto positivo para as empresas e o planeta. Nosso ecossistema digital e operacional integra execu\u00e7\u00e3o t\u00e9cnica especializada, tecnologia de ponta e intelig\u00eancia regulat\u00f3ria para garantir conformidade ambiental, governan\u00e7a de ativos, destrui\u00e7\u00e3o segura, reutiliza\u00e7\u00e3o log\u00edstica e relat\u00f3rios audit\u00e1veis.\n\n<br><br><b>2. \u00c2MBITO DESTA POL\u00cdTICA<\/b>\n\n<br><br>Esta pol\u00edtica se aplica a todas as intera\u00e7\u00f5es com a Hyperion Global, incluindo:\n<br><br>\u25cf Navega\u00e7\u00e3o em nossos sites e plataformas digitais\n<br><br>\u25cf Comunica\u00e7\u00e3o via e-mail, formul\u00e1rios ou canais de atendimento\n<br><br>\u25cf Compromissos, cota\u00e7\u00f5es e parcerias\n<br><br>\u25cf Eventos, newsletters, materiais t\u00e9cnicos e comunica\u00e7\u00f5es institucionais\n\n<br><br><b>3. DADOS COLETADOS<\/b>\n\n<br><br><b>3.1 Fornecido diretamente pelo usu\u00e1rio:<\/b>\n\n<br><br>\u25cf Nome, e-mail profissional, telefone\n<br><br>\u25cf Empresa, cargo, localiza\u00e7\u00e3o geogr\u00e1fica\n<br><br>\u25cf Conte\u00fado e arquivos enviados voluntariamente\n\n<br><br><b>3.2 Coletados automaticamente:<\/b>\n\n<br><br>\u25cf Endere\u00e7o IP, tipo de navegador, sistema operacional\n<br><br>\u25cf P\u00e1ginas visitadas, cliques, dura\u00e7\u00e3o da sess\u00e3o\n<br><br>\u25cf Cookies e identificadores exclusivos de dispositivos\n\n<br><br><b>4. FINALIDADES DO TRATAMENTO DE DADOS<\/b>\n\n<br><br>Processamos dados para:\n\n<br><br>\u25cf Estabelecer comunica\u00e7\u00e3o e relacionamentos\n<br><br>\u25cf Desenvolver propostas e prestar servi\u00e7os\n<br><br>\u25cf Otimizar a navega\u00e7\u00e3o e os recursos digitais\n<br><br>\u25cf Realizar an\u00e1lises estat\u00edsticas e relat\u00f3rios de desempenho\n<br><br>\u25cf Cumprir com obriga\u00e7\u00f5es legais, contratuais e de conformidade\n\n<br><br><b>5. BASES JUR\u00cdDICAS E CRIT\u00c9RIOS INTERNACIONAIS<\/b>\n\n<br><br>Os dados s\u00e3o processados sob os seguintes fundamentos legais:\n\n<br><br>\u25cf Consentimento do titular dos dados\n<br><br>\u25cf Execu\u00e7\u00e3o de contrato ou a\u00e7\u00f5es pr\u00e9-contratuais\n<br><br>\u25cf Cumprimento de obriga\u00e7\u00f5es legais\/regulat\u00f3rias\n<br><br>\u25cf Interesse leg\u00edtimo com equil\u00edbrio adequado A Hyperion respeita as leis de privacidade em todas as regi\u00f5es de opera\u00e7\u00e3o, garantindo prote\u00e7\u00e3o equitativa de dados, independentemente da jurisdi\u00e7\u00e3o.\n\n<br><br><b>6. COMPARTILHAMENTO E TRANSFER\u00caNCIA GLOBAL<\/b>\n\n<br><br>Dados pessoais podem ser compartilhados com:\n\n<br><br>\u25cf Equipes internas e escrit\u00f3rios regionais da Hyperion Global\n<br><br>\u25cf Provedores de tecnologia, infraestrutura, nuvem e an\u00e1lise\n<br><br>\u25cf \u00d3rg\u00e3os reguladores, empresas de auditoria ou autoridades legais Todas as transfer\u00eancias est\u00e3o em conformidade com salvaguardas contratuais, criptografia e estruturas globais de prote\u00e7\u00e3o de dados.\n\n<br><br><b>7. ARMAZENAMENTO E RETEN\u00c7\u00c3O<\/b>\n\n<br><br>Os dados s\u00e3o armazenados com seguran\u00e7a e retidos apenas pelo tempo necess\u00e1rio para a finalidade pretendida. A reten\u00e7\u00e3o pode se estender por interesses legais, contratuais ou comerciais leg\u00edtimos.\n\n<br><br><b>8. DIREITOS DO TITULAR DOS DADOS<\/b>\n\n<br><br>De acordo com as leis internacionais de privacidade, voc\u00ea pode:\n\n<br><br>\u25cf Solicitar acesso, corre\u00e7\u00e3o ou exclus\u00e3o dos seus dados\n<br><br>\u25cf Retirar o consentimento ou opor-se ao processamento de dados\n<br><br>\u25cf Restringir o uso ou solicitar detalhes sobre o compartilhamento de dados. Todas as solicita\u00e7\u00f5es devem ser enviadas por meio do nosso canal de privacidade: privacy@hyperionglobal.com\n\n<br><br><b>9. SEGURAN\u00c7A DA INFORMA\u00c7\u00c3O<\/b>\n\n<br><br>Implementamos medidas de seguran\u00e7a robustas, incluindo:\n\n<br><br>\u25cf Criptografia de ponta a ponta e backups redundantes\n<br><br>\u25cf Autentica\u00e7\u00e3o multifator e controles de acesso\n<br><br>\u25cf Monitoramento de amea\u00e7as e gerenciamento de vulnerabilidades\n<br><br>\u25cf Pol\u00edticas de governan\u00e7a e treinamento cont\u00ednuo\n\n<br><br><b>10. COOKIES E TECNOLOGIAS DE RASTREAMENTO<\/b>\n\n<br><br>Utilizamos cookies para:\n\n<br><br>\u25cf Garantir a funcionalidade do site\n<br><br>\u25cf Lembrar prefer\u00eancias de navega\u00e7\u00e3o\n<br><br>\u25cf Re\u00fana an\u00e1lises e personalize o conte\u00fado Voc\u00ea pode gerenciar as configura\u00e7\u00f5es de cookies no seu navegador.\n\n<br><br><b>11. ATUALIZA\u00c7\u00d5ES DE POL\u00cdTICA<\/b>\n\n<br><br>Esta Pol\u00edtica de Privacidade poder\u00e1 ser revisada a qualquer momento devido a mudan\u00e7as regulat\u00f3rias, institucionais ou tecnol\u00f3gicas. A vers\u00e3o mais recente estar\u00e1 sempre dispon\u00edvel em nossos canais oficiais.\n\n<br><br><b>12. INFORMA\u00c7\u00d5ES DE CONTATO DO DPO<\/b>\n\n<br><br>Respons\u00e1vel pela Prote\u00e7\u00e3o de Dados (DPO) Hyperion Global \n\n<br><br>E-mail: privacy@hyperionglobal.com \n\n<br><br>Telefone: +1 786 373 5054\n\n<br><br>Endere\u00e7o: 8013 NW 64th St, Miami, FL, EUA\n\n<br><br>Site: www.hyperionglobal.com\n<\/h2>\t\t\t\t<\/div>\n\t\t\t\t<div class=\"elementor-element elementor-element-9b10029 elementor-align-center elementor-widget elementor-widget-button\" data-id=\"9b10029\" data-element_type=\"widget\" data-e-type=\"widget\" data-widget_type=\"button.default\">\n\t\t\t\t\t\t\t\t\t\t<a class=\"elementor-button elementor-button-link elementor-size-sm\" href=\"https:\/\/hyperionglobals.com\/pt\/termos-e-condicoes\/\">\n\t\t\t\t\t\t<span class=\"elementor-button-content-wrapper\">\n\t\t\t\t\t\t\t\t\t<span class=\"elementor-button-text\">Veja tamb\u00e9m nossa p\u00e1gina de Termos e Condi\u00e7\u00f5es<\/span>\n\t\t\t\t\t<\/span>\n\t\t\t\t\t<\/a>\n\t\t\t\t\t\t\t\t<\/div>\n\t\t\t\t<\/div>\n\t\t\t\t\t<\/div>\n\t\t\t\t<\/div>\n\t\t<div class=\"elementor-element elementor-element-8330cb3 e-flex e-con-boxed e-con e-parent\" data-id=\"8330cb3\" data-element_type=\"container\" data-e-type=\"container\">\n\t\t\t\t\t<div class=\"e-con-inner\">\n\t\t\t\t\t<\/div>\n\t\t\t\t<\/div>\n\t\t\t\t<\/div>","protected":false},"excerpt":{"rendered":"<p>Privacy Policy Effective Date: July 29, 2025 Hyperion Global reaffi rms its institutional commitment to ethics, compliance, and sustainability, establishing this Privacy Policy for users, partners, clients, and stakeholders across all markets in which we operate.This policy outlines how we collect, use, protect, and share personal information in accordance with international data protection laws\u2014such as [&hellip;]<\/p>\n","protected":false},"author":1,"featured_media":0,"parent":0,"menu_order":0,"comment_status":"closed","ping_status":"closed","template":"elementor_header_footer","meta":{"footnotes":""},"class_list":["post-607","page","type-page","status-publish","hentry"],"yoast_head":"<!-- This site is optimized with the Yoast SEO plugin v27.4 - https:\/\/yoast.com\/product\/yoast-seo-wordpress\/ -->\n<title>Privacy Policy | Hyperion Global<\/title>\n<meta name=\"description\" content=\"Privacy Policy Hyperion Global details how we collect, use, and protect personal data to ensure transparency, trust, and legal compliance.\" \/>\n<meta name=\"robots\" content=\"index, follow, max-snippet:-1, max-image-preview:large, max-video-preview:-1\" \/>\n<link rel=\"canonical\" href=\"https:\/\/hyperionglobals.com\/pt\/politica-de-privacidade-hyperion-global\/\" \/>\n<meta property=\"og:locale\" content=\"pt_BR\" \/>\n<meta property=\"og:type\" content=\"article\" \/>\n<meta property=\"og:title\" content=\"Privacy Policy | Hyperion Global\" \/>\n<meta property=\"og:description\" content=\"Privacy Policy Hyperion Global details how we collect, use, and protect personal data to ensure transparency, trust, and legal compliance.\" \/>\n<meta property=\"og:url\" content=\"https:\/\/hyperionglobals.com\/pt\/politica-de-privacidade-hyperion-global\/\" \/>\n<meta property=\"og:site_name\" content=\"Hyperion Global\" \/>\n<meta property=\"article:modified_time\" content=\"2025-09-18T17:16:58+00:00\" \/>\n<meta name=\"twitter:card\" content=\"summary_large_image\" \/>\n<meta name=\"twitter:label1\" content=\"Est. tempo de leitura\" \/>\n\t<meta name=\"twitter:data1\" content=\"4 minutos\" \/>\n<script type=\"application\/ld+json\" class=\"yoast-schema-graph\">{\"@context\":\"https:\\\/\\\/schema.org\",\"@graph\":[{\"@type\":\"WebPage\",\"@id\":\"https:\\\/\\\/hyperionglobals.com\\\/privacy-policy-hyperion-global\\\/\",\"url\":\"https:\\\/\\\/hyperionglobals.com\\\/privacy-policy-hyperion-global\\\/\",\"name\":\"Privacy Policy | Hyperion Global\",\"isPartOf\":{\"@id\":\"https:\\\/\\\/hyperionglobals.com\\\/en\\\/#website\"},\"datePublished\":\"2025-07-25T18:15:28+00:00\",\"dateModified\":\"2025-09-18T17:16:58+00:00\",\"description\":\"Privacy Policy Hyperion Global details how we collect, use, and protect personal data to ensure transparency, trust, and legal compliance.\",\"breadcrumb\":{\"@id\":\"https:\\\/\\\/hyperionglobals.com\\\/privacy-policy-hyperion-global\\\/#breadcrumb\"},\"inLanguage\":\"pt-BR\",\"potentialAction\":[{\"@type\":\"ReadAction\",\"target\":[\"https:\\\/\\\/hyperionglobals.com\\\/privacy-policy-hyperion-global\\\/\"]}]},{\"@type\":\"BreadcrumbList\",\"@id\":\"https:\\\/\\\/hyperionglobals.com\\\/privacy-policy-hyperion-global\\\/#breadcrumb\",\"itemListElement\":[{\"@type\":\"ListItem\",\"position\":1,\"name\":\"In\u00edcio\",\"item\":\"https:\\\/\\\/hyperionglobals.com\\\/\"},{\"@type\":\"ListItem\",\"position\":2,\"name\":\"Privacy Policy\"}]},{\"@type\":\"WebSite\",\"@id\":\"https:\\\/\\\/hyperionglobals.com\\\/en\\\/#website\",\"url\":\"https:\\\/\\\/hyperionglobals.com\\\/en\\\/\",\"name\":\"Hyperion Global\",\"description\":\"Smart Circular Solutions at a Global Scale\",\"publisher\":{\"@id\":\"https:\\\/\\\/hyperionglobals.com\\\/en\\\/#organization\"},\"potentialAction\":[{\"@type\":\"SearchAction\",\"target\":{\"@type\":\"EntryPoint\",\"urlTemplate\":\"https:\\\/\\\/hyperionglobals.com\\\/en\\\/?s={search_term_string}\"},\"query-input\":{\"@type\":\"PropertyValueSpecification\",\"valueRequired\":true,\"valueName\":\"search_term_string\"}}],\"inLanguage\":\"pt-BR\"},{\"@type\":\"Organization\",\"@id\":\"https:\\\/\\\/hyperionglobals.com\\\/en\\\/#organization\",\"name\":\"Hyperion Global\",\"url\":\"https:\\\/\\\/hyperionglobals.com\\\/en\\\/\",\"logo\":{\"@type\":\"ImageObject\",\"inLanguage\":\"pt-BR\",\"@id\":\"https:\\\/\\\/hyperionglobals.com\\\/en\\\/#\\\/schema\\\/logo\\\/image\\\/\",\"url\":\"https:\\\/\\\/hyperionglobals.com\\\/wp-content\\\/uploads\\\/2025\\\/07\\\/Logo-Hyperion-Global.png\",\"contentUrl\":\"https:\\\/\\\/hyperionglobals.com\\\/wp-content\\\/uploads\\\/2025\\\/07\\\/Logo-Hyperion-Global.png\",\"width\":429,\"height\":166,\"caption\":\"Hyperion Global\"},\"image\":{\"@id\":\"https:\\\/\\\/hyperionglobals.com\\\/en\\\/#\\\/schema\\\/logo\\\/image\\\/\"},\"sameAs\":[\"https:\\\/\\\/www.linkedin.com\\\/company\\\/hyperion-global\\\/\",\"https:\\\/\\\/www.instagram.com\\\/hyperionglobal_\\\/\",\"https:\\\/\\\/www.youtube.com\\\/@HyperionGlobal\"]}]}<\/script>\n<!-- \/ Yoast SEO plugin. -->","yoast_head_json":{"title":"Pol\u00edtica de Privacidade | Hyperion Global","description":"Pol\u00edtica de Privacidade A Hyperion Global detalha como coletamos, usamos e protegemos dados pessoais para garantir transpar\u00eancia, confian\u00e7a e conformidade legal.","robots":{"index":"index","follow":"follow","max-snippet":"max-snippet:-1","max-image-preview":"max-image-preview:large","max-video-preview":"max-video-preview:-1"},"canonical":"https:\/\/hyperionglobals.com\/pt\/politica-de-privacidade-hyperion-global\/","og_locale":"pt_BR","og_type":"article","og_title":"Privacy Policy | Hyperion Global","og_description":"Privacy Policy Hyperion Global details how we collect, use, and protect personal data to ensure transparency, trust, and legal compliance.","og_url":"https:\/\/hyperionglobals.com\/pt\/politica-de-privacidade-hyperion-global\/","og_site_name":"Hyperion Global","article_modified_time":"2025-09-18T17:16:58+00:00","twitter_card":"summary_large_image","twitter_misc":{"Est. tempo de leitura":"4 minutos"},"schema":{"@context":"https:\/\/schema.org","@graph":[{"@type":"WebPage","@id":"https:\/\/hyperionglobals.com\/privacy-policy-hyperion-global\/","url":"https:\/\/hyperionglobals.com\/privacy-policy-hyperion-global\/","name":"Pol\u00edtica de Privacidade | Hyperion Global","isPartOf":{"@id":"https:\/\/hyperionglobals.com\/en\/#website"},"datePublished":"2025-07-25T18:15:28+00:00","dateModified":"2025-09-18T17:16:58+00:00","description":"Pol\u00edtica de Privacidade A Hyperion Global detalha como coletamos, usamos e protegemos dados pessoais para garantir transpar\u00eancia, confian\u00e7a e conformidade legal.","breadcrumb":{"@id":"https:\/\/hyperionglobals.com\/privacy-policy-hyperion-global\/#breadcrumb"},"inLanguage":"pt-BR","potentialAction":[{"@type":"ReadAction","target":["https:\/\/hyperionglobals.com\/privacy-policy-hyperion-global\/"]}]},{"@type":"BreadcrumbList","@id":"https:\/\/hyperionglobals.com\/privacy-policy-hyperion-global\/#breadcrumb","itemListElement":[{"@type":"ListItem","position":1,"name":"In\u00edcio","item":"https:\/\/hyperionglobals.com\/"},{"@type":"ListItem","position":2,"name":"Privacy Policy"}]},{"@type":"WebSite","@id":"https:\/\/hyperionglobals.com\/en\/#website","url":"https:\/\/hyperionglobals.com\/en\/","name":"Hyperion Global","description":"Solu\u00e7\u00f5es Circulares Inteligentes em Escala Global.","publisher":{"@id":"https:\/\/hyperionglobals.com\/en\/#organization"},"potentialAction":[{"@type":"SearchAction","target":{"@type":"EntryPoint","urlTemplate":"https:\/\/hyperionglobals.com\/en\/?s={search_term_string}"},"query-input":{"@type":"PropertyValueSpecification","valueRequired":true,"valueName":"search_term_string"}}],"inLanguage":"pt-BR"},{"@type":"Organization","@id":"https:\/\/hyperionglobals.com\/en\/#organization","name":"Hyperion Global","url":"https:\/\/hyperionglobals.com\/en\/","logo":{"@type":"ImageObject","inLanguage":"pt-BR","@id":"https:\/\/hyperionglobals.com\/en\/#\/schema\/logo\/image\/","url":"https:\/\/hyperionglobals.com\/wp-content\/uploads\/2025\/07\/Logo-Hyperion-Global.png","contentUrl":"https:\/\/hyperionglobals.com\/wp-content\/uploads\/2025\/07\/Logo-Hyperion-Global.png","width":429,"height":166,"caption":"Hyperion Global"},"image":{"@id":"https:\/\/hyperionglobals.com\/en\/#\/schema\/logo\/image\/"},"sameAs":["https:\/\/www.linkedin.com\/company\/hyperion-global\/","https:\/\/www.instagram.com\/hyperionglobal_\/","https:\/\/www.youtube.com\/@HyperionGlobal"]}]}},"_links":{"self":[{"href":"https:\/\/hyperionglobals.com\/pt\/wp-json\/wp\/v2\/pages\/607","targetHints":{"allow":["GET"]}}],"collection":[{"href":"https:\/\/hyperionglobals.com\/pt\/wp-json\/wp\/v2\/pages"}],"about":[{"href":"https:\/\/hyperionglobals.com\/pt\/wp-json\/wp\/v2\/types\/page"}],"author":[{"embeddable":true,"href":"https:\/\/hyperionglobals.com\/pt\/wp-json\/wp\/v2\/users\/1"}],"replies":[{"embeddable":true,"href":"https:\/\/hyperionglobals.com\/pt\/wp-json\/wp\/v2\/comments?post=607"}],"version-history":[{"count":0,"href":"https:\/\/hyperionglobals.com\/pt\/wp-json\/wp\/v2\/pages\/607\/revisions"}],"wp:attachment":[{"href":"https:\/\/hyperionglobals.com\/pt\/wp-json\/wp\/v2\/media?parent=607"}],"curies":[{"name":"wp","href":"https:\/\/api.w.org\/{rel}","templated":true}]}}