{"id":607,"date":"2025-07-25T18:15:28","date_gmt":"2025-07-25T18:15:28","guid":{"rendered":"https:\/\/hyperionglobals.com\/?page_id=607"},"modified":"2025-09-18T17:16:58","modified_gmt":"2025-09-18T17:16:58","slug":"politica-de-privacidad-de-hyperion-global","status":"publish","type":"page","link":"https:\/\/hyperionglobals.com\/es\/politica-de-privacidad-de-hyperion-global\/","title":{"rendered":"pol\u00edtica de privacidad"},"content":{"rendered":"<style>.elementor-607 .elementor-element.elementor-element-43d1591{--display:flex;--flex-direction:column;--container-widget-width:100%;--container-widget-height:initial;--container-widget-flex-grow:0;--container-widget-align-self:initial;--flex-wrap-mobile:wrap;--padding-top:6em;--padding-bottom:7em;--padding-left:2em;--padding-right:2em;}.elementor-607 .elementor-element.elementor-element-43d1591.e-con{--align-self:center;}.elementor-607 .elementor-element.elementor-element-602bc29{--display:flex;--justify-content:center;--align-items:center;--container-widget-width:calc( ( 1 - var( --container-widget-flex-grow ) ) * 100% );}.elementor-607 .elementor-element.elementor-element-602bc29.e-con{--align-self:center;}.elementor-widget-heading .elementor-heading-title{font-family:var( --e-global-typography-primary-font-family ), Sans-serif;font-size:var( --e-global-typography-primary-font-size );font-weight:var( --e-global-typography-primary-font-weight );line-height:var( --e-global-typography-primary-line-height );color:var( --e-global-color-primary );}.elementor-607 .elementor-element.elementor-element-1d4eaaa{text-align:center;padding:0em 0em 0em 0em;width:var( --container-widget-width, 34% );max-width:34%;--container-widget-width:34%;--container-widget-flex-grow:0;}.elementor-607 .elementor-element.elementor-element-1d4eaaa .elementor-heading-title{font-family:\"Cairo\", Sans-serif;font-size:48px;font-weight:700;line-height:66px;color:var( --e-global-color-primary );}.elementor-607 .elementor-element.elementor-element-1d4eaaa.elementor-element{--align-self:center;}.elementor-607 .elementor-element.elementor-element-1d4eaaa.xpro-widget-bg-overlay:before{transition:background 0.3s;}.elementor-607 .elementor-element.elementor-element-d82fd14 .elementor-heading-title{font-family:\"Cairo\", Sans-serif;font-size:14px;font-weight:400;line-height:23px;color:var( --e-global-color-accent );}.elementor-607 .elementor-element.elementor-element-d82fd14{padding:0em 0em 2em 0em;}.elementor-607 .elementor-element.elementor-element-d82fd14.xpro-widget-bg-overlay:before{transition:background 0.3s;}.elementor-607 .elementor-element.elementor-element-df4ef94 .elementor-heading-title{font-family:\"Cairo\", Sans-serif;font-size:18px;font-weight:400;line-height:30px;color:var( --e-global-color-accent );}.elementor-607 .elementor-element.elementor-element-df4ef94.xpro-widget-bg-overlay:before{transition:background 0.3s;}.elementor-widget-button .elementor-button{font-family:var( --e-global-typography-accent-font-family ), Sans-serif;font-weight:var( --e-global-typography-accent-font-weight );background-color:var( --e-global-color-accent );}.elementor-607 .elementor-element.elementor-element-9b10029.xpro-widget-bg-overlay:before{transition:background 0.3s;}.elementor-607 .elementor-element.elementor-element-8330cb3{--display:flex;}:root{--page-title-display:none;}@media(max-width:1440px){.elementor-widget-heading .elementor-heading-title{font-size:var( --e-global-typography-primary-font-size );line-height:var( --e-global-typography-primary-line-height );}}@media(max-width:1024px){.elementor-607 .elementor-element.elementor-element-43d1591{--padding-top:5em;--padding-bottom:6em;--padding-left:2em;--padding-right:2em;}.elementor-widget-heading .elementor-heading-title{font-size:var( --e-global-typography-primary-font-size );line-height:var( --e-global-typography-primary-line-height );}.elementor-607 .elementor-element.elementor-element-1d4eaaa{--container-widget-width:60%;--container-widget-flex-grow:0;width:var( --container-widget-width, 60% );max-width:60%;}}@media(max-width:767px){.elementor-widget-heading .elementor-heading-title{font-size:var( --e-global-typography-primary-font-size );line-height:var( --e-global-typography-primary-line-height );}.elementor-607 .elementor-element.elementor-element-1d4eaaa{text-align:start;--container-widget-width:100%;--container-widget-flex-grow:0;width:var( --container-widget-width, 100% );max-width:100%;}.elementor-607 .elementor-element.elementor-element-1d4eaaa .elementor-heading-title{font-size:42px;line-height:48px;}}<\/style>\t\t<div data-elementor-type=\"wp-page\" data-elementor-id=\"607\" class=\"elementor elementor-607\" data-elementor-post-type=\"page\">\n\t\t\t\t<div class=\"elementor-element elementor-element-43d1591 e-flex e-con-boxed e-con e-parent\" data-id=\"43d1591\" data-element_type=\"container\" data-e-type=\"container\">\n\t\t\t\t\t<div class=\"e-con-inner\">\n\t\t<div class=\"elementor-element elementor-element-602bc29 e-con-full e-flex e-con e-child\" data-id=\"602bc29\" data-element_type=\"container\" data-e-type=\"container\">\n\t\t\t\t<div class=\"elementor-element elementor-element-1d4eaaa elementor-widget__width-initial elementor-widget elementor-widget-heading\" data-id=\"1d4eaaa\" data-element_type=\"widget\" data-e-type=\"widget\" data-widget_type=\"heading.default\">\n\t\t\t\t\t<h2 class=\"elementor-heading-title elementor-size-default\">pol\u00edtica de privacidad<\/h2>\t\t\t\t<\/div>\n\t\t\t\t<div class=\"elementor-element elementor-element-d82fd14 elementor-widget elementor-widget-heading\" data-id=\"d82fd14\" data-element_type=\"widget\" data-e-type=\"widget\" data-widget_type=\"heading.default\">\n\t\t\t\t\t<h2 class=\"elementor-heading-title elementor-size-default\">Fecha de entrada en vigor: 29 de julio de 2025<\/h2>\t\t\t\t<\/div>\n\t\t\t\t<div class=\"elementor-element elementor-element-df4ef94 elementor-widget elementor-widget-heading\" data-id=\"df4ef94\" data-element_type=\"widget\" data-e-type=\"widget\" data-widget_type=\"heading.default\">\n\t\t\t\t\t<h2 class=\"elementor-heading-title elementor-size-default\">Hyperion Global reafirma su compromiso institucional con la \u00e9tica, el cumplimiento y la sostenibilidad, estableciendo esta Pol\u00edtica de Privacidad para usuarios, socios, clientes y partes interesadas en todos los mercados en los que operamos. Esta pol\u00edtica describe c\u00f3mo recopilamos, usamos, protegemos y compartimos informaci\u00f3n personal de acuerdo con las leyes internacionales de protecci\u00f3n de datos, como el RGPD (Reglamento General de Protecci\u00f3n de Datos de la UE), la CCPA (Ley de Privacidad del Consumidor de California) y otras regulaciones relevantes en las jurisdicciones donde operamos.\n\n<br><br><b>1. ACERCA DE HYPERION GLOBAL<\/b>\n\n<br><br>Hyperion Global es una organizaci\u00f3n multinacional con un prop\u00f3sito definido que ofrece soluciones de econom\u00eda circular, log\u00edstica inversa, cumplimiento ambiental y trazabilidad ESG. Prestamos servicios a empresas, gobiernos e instituciones l\u00edderes con soluciones que transforman los riesgos y los residuos en valor medible, generando un impacto positivo para las empresas y el planeta. Nuestro ecosistema digital y operativo integra ejecuci\u00f3n t\u00e9cnica especializada, tecnolog\u00eda de vanguardia e inteligencia regulatoria para garantizar el cumplimiento ambiental, la gobernanza de activos, la destrucci\u00f3n segura, la reutilizaci\u00f3n log\u00edstica y la generaci\u00f3n de informes auditables.\n\n<br><br><b>2. ALCANCE DE ESTA POL\u00cdTICA<\/b>\n\n<br><br>Esta pol\u00edtica se aplica a todas las interacciones con Hyperion Global, incluidas:\n<br><br>\u25cf Navegando por nuestros sitios web y plataformas digitales\n<br><br>\u25cf Comunicaci\u00f3n por correo electr\u00f3nico, formularios o canales de servicio\n<br><br>\u25cf Compromisos, cotizaciones y asociaciones\n<br><br>\u25cf Eventos, boletines, materiales t\u00e9cnicos y comunicaciones institucionales\n\n<br><br><b>3. DATOS RECOPILADOS<\/b>\n\n<br><br><b>3.1 Proporcionado directamente por el usuario:<\/b>\n\n<br><br>\u25cf Nombre, correo electr\u00f3nico profesional, tel\u00e9fono\n<br><br>\u25cf Empresa, cargo, ubicaci\u00f3n geogr\u00e1fica\n<br><br>\u25cf Contenido y archivos enviados voluntariamente\n\n<br><br><b>3.2 Recopilados autom\u00e1ticamente:<\/b>\n\n<br><br>\u25cf Direcci\u00f3n IP, tipo de navegador, sistema operativo\n<br><br>\u25cf P\u00e1ginas visitadas, clics, duraci\u00f3n de la sesi\u00f3n\n<br><br>\u25cf Cookies e identificadores \u00fanicos de dispositivos\n\n<br><br><b>4. FINALIDADES DEL TRATAMIENTO DE DATOS<\/b>\n\n<br><br>Procesamos datos para:\n\n<br><br>\u25cf Establecer comunicaci\u00f3n y relaciones\n<br><br>\u25cf Desarrollar propuestas y prestar servicios\n<br><br>\u25cf Optimizar la navegaci\u00f3n y los recursos digitales\n<br><br>\u25cf Realizar an\u00e1lisis estad\u00edsticos e informes de rendimiento\n<br><br>\u25cf Cumplir con las obligaciones legales, contractuales y de cumplimiento\n\n<br><br><b>5. BASES JUR\u00cdDICAS Y CRITERIOS INTERNACIONALES<\/b>\n\n<br><br>Los datos se tratan bajo las siguientes bases legales:\n\n<br><br>\u25cf Consentimiento del interesado\n<br><br>\u25cf Ejecuci\u00f3n de contratos o acciones precontractuales\n<br><br>\u25cf Cumplimiento de obligaciones legales\/reglamentarias\n<br><br>\u25cf Inter\u00e9s leg\u00edtimo con equilibrio adecuado Hyperion respeta las leyes de privacidad en todas las regiones donde opera, lo que garantiza una protecci\u00f3n de datos equitativa independientemente de la jurisdicci\u00f3n.\n\n<br><br><b>6. INTERCAMBIO Y TRANSFERENCIA GLOBAL<\/b>\n\n<br><br>Los datos personales podr\u00e1n ser compartidos con:\n\n<br><br>\u25cf Equipos internos y oficinas regionales de Hyperion Global\n<br><br>\u25cf Proveedores de tecnolog\u00eda, infraestructura, nube y an\u00e1lisis\n<br><br>\u25cf Organismos reguladores, empresas de auditor\u00eda o autoridades legales Todas las transferencias cumplen con las garant\u00edas contractuales, el cifrado y los marcos globales de protecci\u00f3n de datos.\n\n<br><br><b>7. ALMACENAMIENTO Y RETENCI\u00d3N<\/b>\n\n<br><br>Los datos se almacenan de forma segura y se conservan solo el tiempo necesario para su finalidad. La conservaci\u00f3n puede extenderse por intereses comerciales legales, contractuales o leg\u00edtimos.\n\n<br><br><b>8. DERECHOS DEL TITULAR DE LOS DATOS<\/b>\n\n<br><br>Seg\u00fan las leyes internacionales de privacidad, usted puede:\n\n<br><br>\u25cf Solicitar acceso, correcci\u00f3n o eliminaci\u00f3n de sus datos\n<br><br>\u25cf Retirar el consentimiento u oponerse al tratamiento de datos\n<br><br>\u25cf Restringir el uso o solicitar detalles espec\u00edficos sobre el intercambio de datos. Todas las solicitudes deben enviarse a trav\u00e9s de nuestro canal de privacidad: privacy@hyperionglobal.com\n\n<br><br><b>9. SEGURIDAD DE LA INFORMACI\u00d3N<\/b>\n\n<br><br>Implementamos medidas de seguridad s\u00f3lidas que incluyen:\n\n<br><br>\u25cf Cifrado de extremo a extremo y copias de seguridad redundantes\n<br><br>\u25cf Autenticaci\u00f3n multifactor y controles de acceso\n<br><br>\u25cf Monitoreo de amenazas y gesti\u00f3n de vulnerabilidades\n<br><br>\u25cf Pol\u00edticas de gobernanza y formaci\u00f3n continua\n\n<br><br><b>10. COOKIES Y TECNOLOG\u00cdAS DE SEGUIMIENTO<\/b>\n\n<br><br>Utilizamos cookies para:\n\n<br><br>\u25cf Garantizar la funcionalidad del sitio web\n<br><br>\u25cf Recordar preferencias de navegaci\u00f3n\n<br><br>\u25cf Recopilar an\u00e1lisis y personalizar el contenido Puede administrar la configuraci\u00f3n de cookies en su navegador.\n\n<br><br><b>11. ACTUALIZACIONES DE POL\u00cdTICAS<\/b>\n\n<br><br>Esta Pol\u00edtica de Privacidad podr\u00e1 ser revisada en cualquier momento debido a cambios regulatorios, institucionales o tecnol\u00f3gicos. La versi\u00f3n m\u00e1s reciente siempre estar\u00e1 disponible en nuestros canales oficiales.\n\n<br><br><b>12. INFORMACI\u00d3N DE CONTACTO DEL DPO<\/b>\n\n<br><br>Responsable de protecci\u00f3n de datos (OPD) Hyperion Global \n\n<br><br>Correo electr\u00f3nico: privacy@hyperionglobal.com \n\n<br><br>Tel\u00e9fono: +1 786 373 5054\n\n<br><br>Direcci\u00f3n: 8013 NW 64th St, Miami, FL, EE. UU.\n\n<br><br>Sitio web: www.hyperionglobal.com\n<\/h2>\t\t\t\t<\/div>\n\t\t\t\t<div class=\"elementor-element elementor-element-9b10029 elementor-align-center elementor-widget elementor-widget-button\" data-id=\"9b10029\" data-element_type=\"widget\" data-e-type=\"widget\" data-widget_type=\"button.default\">\n\t\t\t\t\t\t\t\t\t\t<a class=\"elementor-button elementor-button-link elementor-size-sm\" href=\"https:\/\/hyperionglobals.com\/es\/terminos-y-condiciones\/\">\n\t\t\t\t\t\t<span class=\"elementor-button-content-wrapper\">\n\t\t\t\t\t\t\t\t\t<span class=\"elementor-button-text\">Consulte tambi\u00e9n nuestra p\u00e1gina de T\u00e9rminos y Condiciones<\/span>\n\t\t\t\t\t<\/span>\n\t\t\t\t\t<\/a>\n\t\t\t\t\t\t\t\t<\/div>\n\t\t\t\t<\/div>\n\t\t\t\t\t<\/div>\n\t\t\t\t<\/div>\n\t\t<div class=\"elementor-element elementor-element-8330cb3 e-flex e-con-boxed e-con e-parent\" data-id=\"8330cb3\" data-element_type=\"container\" data-e-type=\"container\">\n\t\t\t\t\t<div class=\"e-con-inner\">\n\t\t\t\t\t<\/div>\n\t\t\t\t<\/div>\n\t\t\t\t<\/div>","protected":false},"excerpt":{"rendered":"<p>Privacy Policy Effective Date: July 29, 2025 Hyperion Global reaffi rms its institutional commitment to ethics, compliance, and sustainability, establishing this Privacy Policy for users, partners, clients, and stakeholders across all markets in which we operate.This policy outlines how we collect, use, protect, and share personal information in accordance with international data protection laws\u2014such as [&hellip;]<\/p>\n","protected":false},"author":1,"featured_media":0,"parent":0,"menu_order":0,"comment_status":"closed","ping_status":"closed","template":"elementor_header_footer","meta":{"footnotes":""},"class_list":["post-607","page","type-page","status-publish","hentry"],"yoast_head":"<!-- This site is optimized with the Yoast SEO plugin v27.4 - https:\/\/yoast.com\/product\/yoast-seo-wordpress\/ -->\n<title>Privacy Policy | Hyperion Global<\/title>\n<meta name=\"description\" content=\"Privacy Policy Hyperion Global details how we collect, use, and protect personal data to ensure transparency, trust, and legal compliance.\" \/>\n<meta name=\"robots\" content=\"index, follow, max-snippet:-1, max-image-preview:large, max-video-preview:-1\" \/>\n<link rel=\"canonical\" href=\"https:\/\/hyperionglobals.com\/es\/politica-de-privacidad-de-hyperion-global\/\" \/>\n<meta property=\"og:locale\" content=\"es_ES\" \/>\n<meta property=\"og:type\" content=\"article\" \/>\n<meta property=\"og:title\" content=\"Privacy Policy | Hyperion Global\" \/>\n<meta property=\"og:description\" content=\"Privacy Policy Hyperion Global details how we collect, use, and protect personal data to ensure transparency, trust, and legal compliance.\" \/>\n<meta property=\"og:url\" content=\"https:\/\/hyperionglobals.com\/es\/politica-de-privacidad-de-hyperion-global\/\" \/>\n<meta property=\"og:site_name\" content=\"Hyperion Global\" \/>\n<meta property=\"article:modified_time\" content=\"2025-09-18T17:16:58+00:00\" \/>\n<meta name=\"twitter:card\" content=\"summary_large_image\" \/>\n<meta name=\"twitter:label1\" content=\"Tiempo de lectura\" \/>\n\t<meta name=\"twitter:data1\" content=\"4 minutos\" \/>\n<script type=\"application\/ld+json\" class=\"yoast-schema-graph\">{\"@context\":\"https:\\\/\\\/schema.org\",\"@graph\":[{\"@type\":\"WebPage\",\"@id\":\"https:\\\/\\\/hyperionglobals.com\\\/privacy-policy-hyperion-global\\\/\",\"url\":\"https:\\\/\\\/hyperionglobals.com\\\/privacy-policy-hyperion-global\\\/\",\"name\":\"Privacy Policy | Hyperion Global\",\"isPartOf\":{\"@id\":\"https:\\\/\\\/hyperionglobals.com\\\/en\\\/#website\"},\"datePublished\":\"2025-07-25T18:15:28+00:00\",\"dateModified\":\"2025-09-18T17:16:58+00:00\",\"description\":\"Privacy Policy Hyperion Global details how we collect, use, and protect personal data to ensure transparency, trust, and legal compliance.\",\"breadcrumb\":{\"@id\":\"https:\\\/\\\/hyperionglobals.com\\\/privacy-policy-hyperion-global\\\/#breadcrumb\"},\"inLanguage\":\"es\",\"potentialAction\":[{\"@type\":\"ReadAction\",\"target\":[\"https:\\\/\\\/hyperionglobals.com\\\/privacy-policy-hyperion-global\\\/\"]}]},{\"@type\":\"BreadcrumbList\",\"@id\":\"https:\\\/\\\/hyperionglobals.com\\\/privacy-policy-hyperion-global\\\/#breadcrumb\",\"itemListElement\":[{\"@type\":\"ListItem\",\"position\":1,\"name\":\"In\u00edcio\",\"item\":\"https:\\\/\\\/hyperionglobals.com\\\/\"},{\"@type\":\"ListItem\",\"position\":2,\"name\":\"Privacy Policy\"}]},{\"@type\":\"WebSite\",\"@id\":\"https:\\\/\\\/hyperionglobals.com\\\/en\\\/#website\",\"url\":\"https:\\\/\\\/hyperionglobals.com\\\/en\\\/\",\"name\":\"Hyperion Global\",\"description\":\"Smart Circular Solutions at a Global Scale\",\"publisher\":{\"@id\":\"https:\\\/\\\/hyperionglobals.com\\\/en\\\/#organization\"},\"potentialAction\":[{\"@type\":\"SearchAction\",\"target\":{\"@type\":\"EntryPoint\",\"urlTemplate\":\"https:\\\/\\\/hyperionglobals.com\\\/en\\\/?s={search_term_string}\"},\"query-input\":{\"@type\":\"PropertyValueSpecification\",\"valueRequired\":true,\"valueName\":\"search_term_string\"}}],\"inLanguage\":\"es\"},{\"@type\":\"Organization\",\"@id\":\"https:\\\/\\\/hyperionglobals.com\\\/en\\\/#organization\",\"name\":\"Hyperion Global\",\"url\":\"https:\\\/\\\/hyperionglobals.com\\\/en\\\/\",\"logo\":{\"@type\":\"ImageObject\",\"inLanguage\":\"es\",\"@id\":\"https:\\\/\\\/hyperionglobals.com\\\/en\\\/#\\\/schema\\\/logo\\\/image\\\/\",\"url\":\"https:\\\/\\\/hyperionglobals.com\\\/wp-content\\\/uploads\\\/2025\\\/07\\\/Logo-Hyperion-Global.png\",\"contentUrl\":\"https:\\\/\\\/hyperionglobals.com\\\/wp-content\\\/uploads\\\/2025\\\/07\\\/Logo-Hyperion-Global.png\",\"width\":429,\"height\":166,\"caption\":\"Hyperion Global\"},\"image\":{\"@id\":\"https:\\\/\\\/hyperionglobals.com\\\/en\\\/#\\\/schema\\\/logo\\\/image\\\/\"},\"sameAs\":[\"https:\\\/\\\/www.linkedin.com\\\/company\\\/hyperion-global\\\/\",\"https:\\\/\\\/www.instagram.com\\\/hyperionglobal_\\\/\",\"https:\\\/\\\/www.youtube.com\\\/@HyperionGlobal\"]}]}<\/script>\n<!-- \/ Yoast SEO plugin. -->","yoast_head_json":{"title":"Pol\u00edtica de privacidad | Hyperion Global","description":"Pol\u00edtica de privacidad Hyperion Global detalla c\u00f3mo recopilamos, usamos y protegemos los datos personales para garantizar la transparencia, la confianza y el cumplimiento legal.","robots":{"index":"index","follow":"follow","max-snippet":"max-snippet:-1","max-image-preview":"max-image-preview:large","max-video-preview":"max-video-preview:-1"},"canonical":"https:\/\/hyperionglobals.com\/es\/politica-de-privacidad-de-hyperion-global\/","og_locale":"es_ES","og_type":"article","og_title":"Privacy Policy | Hyperion Global","og_description":"Privacy Policy Hyperion Global details how we collect, use, and protect personal data to ensure transparency, trust, and legal compliance.","og_url":"https:\/\/hyperionglobals.com\/es\/politica-de-privacidad-de-hyperion-global\/","og_site_name":"Hyperion Global","article_modified_time":"2025-09-18T17:16:58+00:00","twitter_card":"summary_large_image","twitter_misc":{"Tiempo de lectura":"4 minutos"},"schema":{"@context":"https:\/\/schema.org","@graph":[{"@type":"WebPage","@id":"https:\/\/hyperionglobals.com\/privacy-policy-hyperion-global\/","url":"https:\/\/hyperionglobals.com\/privacy-policy-hyperion-global\/","name":"Pol\u00edtica de privacidad | Hyperion Global","isPartOf":{"@id":"https:\/\/hyperionglobals.com\/en\/#website"},"datePublished":"2025-07-25T18:15:28+00:00","dateModified":"2025-09-18T17:16:58+00:00","description":"Pol\u00edtica de privacidad Hyperion Global detalla c\u00f3mo recopilamos, usamos y protegemos los datos personales para garantizar la transparencia, la confianza y el cumplimiento legal.","breadcrumb":{"@id":"https:\/\/hyperionglobals.com\/privacy-policy-hyperion-global\/#breadcrumb"},"inLanguage":"es","potentialAction":[{"@type":"ReadAction","target":["https:\/\/hyperionglobals.com\/privacy-policy-hyperion-global\/"]}]},{"@type":"BreadcrumbList","@id":"https:\/\/hyperionglobals.com\/privacy-policy-hyperion-global\/#breadcrumb","itemListElement":[{"@type":"ListItem","position":1,"name":"In\u00edcio","item":"https:\/\/hyperionglobals.com\/"},{"@type":"ListItem","position":2,"name":"Privacy Policy"}]},{"@type":"WebSite","@id":"https:\/\/hyperionglobals.com\/en\/#website","url":"https:\/\/hyperionglobals.com\/en\/","name":"Hyperion Global","description":"Soluciones Circulares Inteligentes a Escala Global","publisher":{"@id":"https:\/\/hyperionglobals.com\/en\/#organization"},"potentialAction":[{"@type":"SearchAction","target":{"@type":"EntryPoint","urlTemplate":"https:\/\/hyperionglobals.com\/en\/?s={search_term_string}"},"query-input":{"@type":"PropertyValueSpecification","valueRequired":true,"valueName":"search_term_string"}}],"inLanguage":"es"},{"@type":"Organization","@id":"https:\/\/hyperionglobals.com\/en\/#organization","name":"Hyperion Global","url":"https:\/\/hyperionglobals.com\/en\/","logo":{"@type":"ImageObject","inLanguage":"es","@id":"https:\/\/hyperionglobals.com\/en\/#\/schema\/logo\/image\/","url":"https:\/\/hyperionglobals.com\/wp-content\/uploads\/2025\/07\/Logo-Hyperion-Global.png","contentUrl":"https:\/\/hyperionglobals.com\/wp-content\/uploads\/2025\/07\/Logo-Hyperion-Global.png","width":429,"height":166,"caption":"Hyperion Global"},"image":{"@id":"https:\/\/hyperionglobals.com\/en\/#\/schema\/logo\/image\/"},"sameAs":["https:\/\/www.linkedin.com\/company\/hyperion-global\/","https:\/\/www.instagram.com\/hyperionglobal_\/","https:\/\/www.youtube.com\/@HyperionGlobal"]}]}},"_links":{"self":[{"href":"https:\/\/hyperionglobals.com\/es\/wp-json\/wp\/v2\/pages\/607","targetHints":{"allow":["GET"]}}],"collection":[{"href":"https:\/\/hyperionglobals.com\/es\/wp-json\/wp\/v2\/pages"}],"about":[{"href":"https:\/\/hyperionglobals.com\/es\/wp-json\/wp\/v2\/types\/page"}],"author":[{"embeddable":true,"href":"https:\/\/hyperionglobals.com\/es\/wp-json\/wp\/v2\/users\/1"}],"replies":[{"embeddable":true,"href":"https:\/\/hyperionglobals.com\/es\/wp-json\/wp\/v2\/comments?post=607"}],"version-history":[{"count":0,"href":"https:\/\/hyperionglobals.com\/es\/wp-json\/wp\/v2\/pages\/607\/revisions"}],"wp:attachment":[{"href":"https:\/\/hyperionglobals.com\/es\/wp-json\/wp\/v2\/media?parent=607"}],"curies":[{"name":"wp","href":"https:\/\/api.w.org\/{rel}","templated":true}]}}